{"id":893,"date":"2024-01-18T19:21:21","date_gmt":"2024-01-18T19:21:21","guid":{"rendered":"https:\/\/deskdynamics.azurewebsites.net\/?page_id=893"},"modified":"2025-08-18T11:56:51","modified_gmt":"2025-08-18T11:56:51","slug":"impressum","status":"publish","type":"page","link":"https:\/\/deskdynamics.com\/en\/impressum\/","title":{"rendered":"Imprint"},"content":{"rendered":"<div data-elementor-type=\"wp-page\" data-elementor-id=\"893\" class=\"elementor elementor-893\">\n\t\t\t\t\t\t\t<div class=\"elementor-element elementor-element-b73cce2 e-flex e-con-boxed e-con e-parent\" data-id=\"b73cce2\" data-element_type=\"container\" data-settings=\"{&quot;content_width&quot;:&quot;boxed&quot;}\" data-core-v316-plus=\"true\">\n\t\t\t\t\t<div class=\"e-con-inner\">\n\t\t\t\t<div class=\"elementor-element elementor-element-9cae87d elementor-widget elementor-widget-heading\" data-id=\"9cae87d\" data-element_type=\"widget\" data-widget_type=\"heading.default\">\n\t\t\t\t<div class=\"elementor-widget-container\">\n\t\t\t<style>\/*! elementor - v3.17.0 - 25-10-2023 *\/\n.elementor-heading-title{padding:0;margin:0;line-height:1}.elementor-widget-heading .elementor-heading-title[class*=elementor-size-]>a{color:inherit;font-size:inherit;line-height:inherit}.elementor-widget-heading .elementor-heading-title.elementor-size-small{font-size:15px}.elementor-widget-heading .elementor-heading-title.elementor-size-medium{font-size:19px}.elementor-widget-heading .elementor-heading-title.elementor-size-large{font-size:29px}.elementor-widget-heading .elementor-heading-title.elementor-size-xl{font-size:39px}.elementor-widget-heading .elementor-heading-title.elementor-size-xxl{font-size:59px}<\/style><h2 class=\"elementor-heading-title elementor-size-default\">Imprint<\/h2>\t\t<\/div>\n\t\t\t\t<\/div>\n\t\t\t\t\t<\/div>\n\t\t\t\t<\/div>\n\t\t<div class=\"elementor-element elementor-element-4955b5f e-flex e-con-boxed e-con e-parent\" data-id=\"4955b5f\" data-element_type=\"container\" data-settings=\"{&quot;content_width&quot;:&quot;boxed&quot;}\" data-core-v316-plus=\"true\">\n\t\t\t\t\t<div class=\"e-con-inner\">\n\t\t\t\t<div class=\"elementor-element elementor-element-dc78acf elementor-widget elementor-widget-heading\" data-id=\"dc78acf\" data-element_type=\"widget\" data-widget_type=\"heading.default\">\n\t\t\t\t<div class=\"elementor-widget-container\">\n\t\t\t<h4 class=\"elementor-heading-title elementor-size-default\">Angaben gem\u00e4\u00df \u00a7 5 TMG<\/h4>\t\t<\/div>\n\t\t\t\t<\/div>\n\t\t\t\t\t<\/div>\n\t\t\t\t<\/div>\n\t\t<div class=\"elementor-element elementor-element-ba05a59 e-flex e-con-boxed e-con e-parent\" data-id=\"ba05a59\" data-element_type=\"container\" data-settings=\"{&quot;content_width&quot;:&quot;boxed&quot;}\" data-core-v316-plus=\"true\">\n\t\t\t\t\t<div class=\"e-con-inner\">\n\t\t\t\t<div class=\"elementor-element elementor-element-f453f6e elementor-widget elementor-widget-text-editor\" data-id=\"f453f6e\" data-element_type=\"widget\" data-widget_type=\"text-editor.default\">\n\t\t\t\t<div class=\"elementor-widget-container\">\n\t\t\t<style>\/*! elementor - v3.17.0 - 25-10-2023 *\/\n.elementor-widget-text-editor.elementor-drop-cap-view-stacked .elementor-drop-cap{background-color:#69727d;color:#fff}.elementor-widget-text-editor.elementor-drop-cap-view-framed .elementor-drop-cap{color:#69727d;border:3px solid;background-color:transparent}.elementor-widget-text-editor:not(.elementor-drop-cap-view-default) .elementor-drop-cap{margin-top:8px}.elementor-widget-text-editor:not(.elementor-drop-cap-view-default) .elementor-drop-cap-letter{width:1em;height:1em}.elementor-widget-text-editor .elementor-drop-cap{float:left;text-align:center;line-height:1;font-size:50px}.elementor-widget-text-editor .elementor-drop-cap-letter{display:inline-block}<\/style>\t\t\t\t<p><span style=\"text-align: var(--text-align);\">Desk Dynamics GmbH<\/span><\/p>\n<p>Paul-Nie\u00dfen-Stra\u00dfe 18,&nbsp;<\/p>\n<p>50969 K\u00f6ln<\/p>\n<p>Handelsregister: HRB 117034<\/p>\n<p>Registergericht: Amtsgericht K\u00f6ln<\/p>\n<p><strong>Vertreten durch<\/strong><\/p>\n<p>Philipp Fischer, Felix Fischer, Kilian Rick<\/p>\n<p><strong>Contact<\/strong><\/p>\n<p>Telefon: \u202d+4915222114789<\/p>\n<p>E-Mail: support@deskdynamics.com<\/p>\n<p><strong data-start=\"709\" data-end=\"766\" style=\"caret-color: rgb(0, 0, 0); color: rgb(0, 0, 0);\">Fragen zur Pr\u00e4ventionszertifizierung gem\u00e4\u00df \u00a7 20 SGB V<\/strong><br data-start=\"766\" data-end=\"769\" style=\"caret-color: rgb(0, 0, 0); color: rgb(0, 0, 0);\"><span style=\"caret-color: rgb(0, 0, 0); color: rgb(0, 0, 0); font-size: medium;\">F\u00fcr alle Anfragen im Zusammenhang mit der Zertifizierung des Pr\u00e4ventionskurses nach \u00a7 20 SGB V wenden Sie sich bitte direkt an Kilian Rick mit obigen Kontaktdaten.<\/span><br><\/p>\n<p><\/p>\t\t\t\t\t\t<\/div>\n\t\t\t\t<\/div>\n\t\t\t\t\t<\/div>\n\t\t\t\t<\/div>\n\t\t\t\t\t\t\t<\/div>","protected":false},"excerpt":{"rendered":"<p>Impressum Angaben gem\u00e4\u00df \u00a7 5 TMG Desk Dynamics GmbH Paul-Nie\u00dfen-Stra\u00dfe 18,&nbsp; 50969 K\u00f6ln Handelsregister: HRB 117034 Registergericht: Amtsgericht K\u00f6ln Vertreten durch Philipp [&hellip;]<\/p>","protected":false},"author":1,"featured_media":0,"parent":0,"menu_order":0,"comment_status":"closed","ping_status":"closed","template":"page-templates\/page_front-page.php","meta":{"footnotes":""},"class_list":["post-893","page","type-page","status-publish","hentry"],"_links":{"self":[{"href":"https:\/\/deskdynamics.com\/en\/wp-json\/wp\/v2\/pages\/893","targetHints":{"allow":["GET"]}}],"collection":[{"href":"https:\/\/deskdynamics.com\/en\/wp-json\/wp\/v2\/pages"}],"about":[{"href":"https:\/\/deskdynamics.com\/en\/wp-json\/wp\/v2\/types\/page"}],"author":[{"embeddable":true,"href":"https:\/\/deskdynamics.com\/en\/wp-json\/wp\/v2\/users\/1"}],"replies":[{"embeddable":true,"href":"https:\/\/deskdynamics.com\/en\/wp-json\/wp\/v2\/comments?post=893"}],"version-history":[{"count":14,"href":"https:\/\/deskdynamics.com\/en\/wp-json\/wp\/v2\/pages\/893\/revisions"}],"predecessor-version":[{"id":1592,"href":"https:\/\/deskdynamics.com\/en\/wp-json\/wp\/v2\/pages\/893\/revisions\/1592"}],"wp:attachment":[{"href":"https:\/\/deskdynamics.com\/en\/wp-json\/wp\/v2\/media?parent=893"}],"curies":[{"name":"wp","href":"https:\/\/api.w.org\/{rel}","templated":true}]}}