{"id":2019,"date":"2026-03-16T11:48:31","date_gmt":"2026-03-16T11:48:31","guid":{"rendered":"https:\/\/deskdynamics.com\/?page_id=2019"},"modified":"2026-04-22T06:58:18","modified_gmt":"2026-04-22T06:58:18","slug":"foerderung","status":"publish","type":"page","link":"https:\/\/deskdynamics.com\/en\/foerderung\/","title":{"rendered":"F\u00f6rderung"},"content":{"rendered":"<div data-elementor-type=\"wp-page\" data-elementor-id=\"2019\" class=\"elementor elementor-2019\">\n\t\t\t\t\t\t\t<div class=\"elementor-element elementor-element-84c83ea e-flex e-con-boxed e-con e-parent\" data-id=\"84c83ea\" data-element_type=\"container\" data-settings=\"{&quot;background_background&quot;:&quot;classic&quot;,&quot;content_width&quot;:&quot;boxed&quot;}\" data-core-v316-plus=\"true\">\n\t\t\t\t\t<div class=\"e-con-inner\">\n\t\t\t\t<div class=\"elementor-element elementor-element-1fe803e elementor-widget elementor-widget-spacer\" data-id=\"1fe803e\" data-element_type=\"widget\" data-widget_type=\"spacer.default\">\n\t\t\t\t<div class=\"elementor-widget-container\">\n\t\t\t<style>\/*! elementor - v3.17.0 - 25-10-2023 *\/\n.elementor-column .elementor-spacer-inner{height:var(--spacer-size)}.e-con{--container-widget-width:100%}.e-con-inner>.elementor-widget-spacer,.e-con>.elementor-widget-spacer{width:var(--container-widget-width,var(--spacer-size));--align-self:var(--container-widget-align-self,initial);--flex-shrink:0}.e-con-inner>.elementor-widget-spacer>.elementor-widget-container,.e-con>.elementor-widget-spacer>.elementor-widget-container{height:100%;width:100%}.e-con-inner>.elementor-widget-spacer>.elementor-widget-container>.elementor-spacer,.e-con>.elementor-widget-spacer>.elementor-widget-container>.elementor-spacer{height:100%}.e-con-inner>.elementor-widget-spacer>.elementor-widget-container>.elementor-spacer>.elementor-spacer-inner,.e-con>.elementor-widget-spacer>.elementor-widget-container>.elementor-spacer>.elementor-spacer-inner{height:var(--container-widget-height,var(--spacer-size))}.e-con-inner>.elementor-widget-spacer.elementor-widget-empty,.e-con>.elementor-widget-spacer.elementor-widget-empty{position:relative;min-height:22px;min-width:22px}.e-con-inner>.elementor-widget-spacer.elementor-widget-empty .elementor-widget-empty-icon,.e-con>.elementor-widget-spacer.elementor-widget-empty .elementor-widget-empty-icon{position:absolute;top:0;bottom:0;left:0;right:0;margin:auto;padding:0;width:22px;height:22px}<\/style>\t\t<div class=\"elementor-spacer\">\n\t\t\t<div class=\"elementor-spacer-inner\"><\/div>\n\t\t<\/div>\n\t\t\t\t<\/div>\n\t\t\t\t<\/div>\n\t\t\t\t\t<\/div>\n\t\t\t\t<\/div>\n\t\t<div class=\"elementor-element elementor-element-8cf647d e-con-full e-flex e-con e-parent\" data-id=\"8cf647d\" data-element_type=\"container\" data-settings=\"{&quot;content_width&quot;:&quot;full&quot;,&quot;background_background&quot;:&quot;classic&quot;}\" data-core-v316-plus=\"true\">\n\t\t<div class=\"elementor-element elementor-element-107040f e-con-full e-flex e-con e-child\" data-id=\"107040f\" data-element_type=\"container\" data-settings=\"{&quot;content_width&quot;:&quot;full&quot;}\">\n\t\t\t\t<div class=\"elementor-element elementor-element-404a9de elementor-widget elementor-widget-heading\" data-id=\"404a9de\" data-element_type=\"widget\" data-widget_type=\"heading.default\">\n\t\t\t\t<div class=\"elementor-widget-container\">\n\t\t\t<style>\/*! elementor - v3.17.0 - 25-10-2023 *\/\n.elementor-heading-title{padding:0;margin:0;line-height:1}.elementor-widget-heading .elementor-heading-title[class*=elementor-size-]>a{color:inherit;font-size:inherit;line-height:inherit}.elementor-widget-heading .elementor-heading-title.elementor-size-small{font-size:15px}.elementor-widget-heading .elementor-heading-title.elementor-size-medium{font-size:19px}.elementor-widget-heading .elementor-heading-title.elementor-size-large{font-size:29px}.elementor-widget-heading .elementor-heading-title.elementor-size-xl{font-size:39px}.elementor-widget-heading .elementor-heading-title.elementor-size-xxl{font-size:59px}<\/style><h2 class=\"elementor-heading-title elementor-size-medium\">F\u00f6rderung<\/h2>\t\t<\/div>\n\t\t\t\t<\/div>\n\t\t\t\t<div class=\"elementor-element elementor-element-f7acd40 elementor-widget__width-initial elementor-widget elementor-widget-heading\" data-id=\"f7acd40\" data-element_type=\"widget\" data-widget_type=\"heading.default\">\n\t\t\t\t<div class=\"elementor-widget-container\">\n\t\t\t<h1 class=\"elementor-heading-title elementor-size-large\">Projektf\u00f6rderung durch die Europ\u00e4ische Union und das Land Nordrhein-Westfalen<\/h1>\t\t<\/div>\n\t\t\t\t<\/div>\n\t\t\t\t<div class=\"elementor-element elementor-element-81f44fa elementor-widget elementor-widget-text-editor\" data-id=\"81f44fa\" data-element_type=\"widget\" data-widget_type=\"text-editor.default\">\n\t\t\t\t<div class=\"elementor-widget-container\">\n\t\t\t<style>\/*! elementor - v3.17.0 - 25-10-2023 *\/\n.elementor-widget-text-editor.elementor-drop-cap-view-stacked .elementor-drop-cap{background-color:#69727d;color:#fff}.elementor-widget-text-editor.elementor-drop-cap-view-framed .elementor-drop-cap{color:#69727d;border:3px solid;background-color:transparent}.elementor-widget-text-editor:not(.elementor-drop-cap-view-default) .elementor-drop-cap{margin-top:8px}.elementor-widget-text-editor:not(.elementor-drop-cap-view-default) .elementor-drop-cap-letter{width:1em;height:1em}.elementor-widget-text-editor .elementor-drop-cap{float:left;text-align:center;line-height:1;font-size:50px}.elementor-widget-text-editor .elementor-drop-cap-letter{display:inline-block}<\/style>\t\t\t\t<p data-start=\"182\" data-end=\"346\">Desk Dynamics wird im Rahmen des F\u00f6rderprogramms<br data-start=\"230\" data-end=\"233\" \/>\u201eGo-to-Market Gutschein NRW\u201c mit Mitteln der<br data-start=\"277\" data-end=\"280\" \/>Europ\u00e4ischen Union und des Landes Nordrhein-Westfalen unterst\u00fctzt.<\/p><p data-start=\"348\" data-end=\"517\">Im Rahmen des Projekts wird die digitale Plattform Desk Dynamics<br data-start=\"412\" data-end=\"415\" \/>weiterentwickelt, um moderne Pr\u00e4ventionsangebote einfacher<br data-start=\"473\" data-end=\"476\" \/>zug\u00e4nglich und digital nutzbar zu machen.<\/p><h2 data-section-id=\"g73beb\" data-start=\"519\" data-end=\"535\">\u00a0<\/h2>\t\t\t\t\t\t<\/div>\n\t\t\t\t<\/div>\n\t\t\t\t<div class=\"elementor-element elementor-element-07bbaae animated-slow elementor-widget__width-initial elementor-invisible elementor-widget elementor-widget-image\" data-id=\"07bbaae\" data-element_type=\"widget\" data-settings=\"{&quot;_animation&quot;:&quot;fadeInRight&quot;}\" data-widget_type=\"image.default\">\n\t\t\t\t<div class=\"elementor-widget-container\">\n\t\t\t<style>\/*! elementor - v3.17.0 - 25-10-2023 *\/\n.elementor-widget-image{text-align:center}.elementor-widget-image a{display:inline-block}.elementor-widget-image a img[src$=\".svg\"]{width:48px}.elementor-widget-image img{vertical-align:middle;display:inline-block}<\/style>\t\t\t\t\t\t\t\t\t\t\t\t<img fetchpriority=\"high\" decoding=\"async\" width=\"1024\" height=\"215\" src=\"\/wp-content\/uploads\/2026\/03\/eu-kofinanziert-von-der-europaeischen-union-1024x215.png\" class=\"attachment-large size-large wp-image-2010\" alt=\"\" srcset=\"\/wp-content\/uploads\/2026\/03\/eu-kofinanziert-von-der-europaeischen-union-1024x215.png 1024w, \/wp-content\/uploads\/2026\/03\/eu-kofinanziert-von-der-europaeischen-union-300x63.png 300w, \/wp-content\/uploads\/2026\/03\/eu-kofinanziert-von-der-europaeischen-union-768x161.png 768w, \/wp-content\/uploads\/2026\/03\/eu-kofinanziert-von-der-europaeischen-union-1536x322.png 1536w, \/wp-content\/uploads\/2026\/03\/eu-kofinanziert-von-der-europaeischen-union-2048x430.png 2048w, \/wp-content\/uploads\/2026\/03\/eu-kofinanziert-von-der-europaeischen-union-18x4.png 18w, \/wp-content\/uploads\/2026\/03\/eu-kofinanziert-von-der-europaeischen-union-1000x210.png 1000w, \/wp-content\/uploads\/2026\/03\/eu-kofinanziert-von-der-europaeischen-union-230x48.png 230w, \/wp-content\/uploads\/2026\/03\/eu-kofinanziert-von-der-europaeischen-union-350x73.png 350w, \/wp-content\/uploads\/2026\/03\/eu-kofinanziert-von-der-europaeischen-union-480x101.png 480w\" sizes=\"(max-width: 1024px) 100vw, 1024px\" \/>\t\t\t\t\t\t\t\t\t\t\t\t\t\t\t<\/div>\n\t\t\t\t<\/div>\n\t\t\t\t<\/div>\n\t\t<div class=\"elementor-element elementor-element-005c91f e-con-full animated-slow e-flex elementor-invisible e-con e-child\" data-id=\"005c91f\" data-element_type=\"container\" data-settings=\"{&quot;content_width&quot;:&quot;full&quot;,&quot;background_background&quot;:&quot;classic&quot;,&quot;animation&quot;:&quot;fadeInRight&quot;}\">\n\t\t\t\t<div class=\"elementor-element elementor-element-0c40bdb elementor-widget elementor-widget-spacer\" data-id=\"0c40bdb\" data-element_type=\"widget\" data-widget_type=\"spacer.default\">\n\t\t\t\t<div class=\"elementor-widget-container\">\n\t\t\t\t\t<div class=\"elementor-spacer\">\n\t\t\t<div class=\"elementor-spacer-inner\"><\/div>\n\t\t<\/div>\n\t\t\t\t<\/div>\n\t\t\t\t<\/div>\n\t\t\t\t<div class=\"elementor-element elementor-element-cecd73c animated-slow elementor-invisible elementor-widget elementor-widget-image\" data-id=\"cecd73c\" data-element_type=\"widget\" data-settings=\"{&quot;_animation&quot;:&quot;fadeInDown&quot;}\" data-widget_type=\"image.default\">\n\t\t\t\t<div class=\"elementor-widget-container\">\n\t\t\t\t\t\t\t\t\t\t\t\t\t\t\t<img decoding=\"async\" width=\"300\" height=\"133\" src=\"\/wp-content\/uploads\/2026\/03\/go-to-market_gutschein-300x133.png\" class=\"attachment-medium size-medium wp-image-2008\" alt=\"\" srcset=\"\/wp-content\/uploads\/2026\/03\/go-to-market_gutschein-300x133.png 300w, \/wp-content\/uploads\/2026\/03\/go-to-market_gutschein-1024x454.png 1024w, \/wp-content\/uploads\/2026\/03\/go-to-market_gutschein-768x340.png 768w, \/wp-content\/uploads\/2026\/03\/go-to-market_gutschein-1536x680.png 1536w, \/wp-content\/uploads\/2026\/03\/go-to-market_gutschein-2048x907.png 2048w, \/wp-content\/uploads\/2026\/03\/go-to-market_gutschein-18x8.png 18w, \/wp-content\/uploads\/2026\/03\/go-to-market_gutschein-1000x443.png 1000w, \/wp-content\/uploads\/2026\/03\/go-to-market_gutschein-230x102.png 230w, \/wp-content\/uploads\/2026\/03\/go-to-market_gutschein-350x155.png 350w, \/wp-content\/uploads\/2026\/03\/go-to-market_gutschein-480x213.png 480w\" sizes=\"(max-width: 300px) 100vw, 300px\" \/>\t\t\t\t\t\t\t\t\t\t\t\t\t\t\t<\/div>\n\t\t\t\t<\/div>\n\t\t\t\t<div class=\"elementor-element elementor-element-6747e2b elementor-widget elementor-widget-spacer\" data-id=\"6747e2b\" data-element_type=\"widget\" data-widget_type=\"spacer.default\">\n\t\t\t\t<div class=\"elementor-widget-container\">\n\t\t\t\t\t<div class=\"elementor-spacer\">\n\t\t\t<div class=\"elementor-spacer-inner\"><\/div>\n\t\t<\/div>\n\t\t\t\t<\/div>\n\t\t\t\t<\/div>\n\t\t\t\t<div class=\"elementor-element elementor-element-3b7bcb9 elementor-widget elementor-widget-image\" data-id=\"3b7bcb9\" data-element_type=\"widget\" data-widget_type=\"image.default\">\n\t\t\t\t<div class=\"elementor-widget-container\">\n\t\t\t\t\t\t\t\t\t\t\t\t\t\t\t<img decoding=\"async\" width=\"500\" height=\"98\" src=\"\/wp-content\/uploads\/2026\/03\/Logo_MWIKE.jpg\" class=\"attachment-large size-large wp-image-2012\" alt=\"\" srcset=\"\/wp-content\/uploads\/2026\/03\/Logo_MWIKE.jpg 500w, \/wp-content\/uploads\/2026\/03\/Logo_MWIKE-300x59.jpg 300w, \/wp-content\/uploads\/2026\/03\/Logo_MWIKE-18x4.jpg 18w, \/wp-content\/uploads\/2026\/03\/Logo_MWIKE-230x45.jpg 230w, \/wp-content\/uploads\/2026\/03\/Logo_MWIKE-350x69.jpg 350w, \/wp-content\/uploads\/2026\/03\/Logo_MWIKE-480x94.jpg 480w\" sizes=\"(max-width: 500px) 100vw, 500px\" \/>\t\t\t\t\t\t\t\t\t\t\t\t\t\t\t<\/div>\n\t\t\t\t<\/div>\n\t\t\t\t<\/div>\n\t\t\t\t<\/div>\n\t\t<div class=\"elementor-element elementor-element-6d49f07 e-flex e-con-boxed e-con e-parent\" data-id=\"6d49f07\" data-element_type=\"container\" data-settings=\"{&quot;content_width&quot;:&quot;boxed&quot;}\" data-core-v316-plus=\"true\">\n\t\t\t\t\t<div class=\"e-con-inner\">\n\t\t\t\t<div class=\"elementor-element elementor-element-440347e elementor-widget elementor-widget-video\" data-id=\"440347e\" data-element_type=\"widget\" data-settings=\"{&quot;youtube_url&quot;:&quot;https:\\\/\\\/www.youtube.com\\\/watch?v=XHOmBV4js_E&quot;,&quot;video_type&quot;:&quot;youtube&quot;,&quot;controls&quot;:&quot;yes&quot;}\" data-widget_type=\"video.default\">\n\t\t\t\t<div class=\"elementor-widget-container\">\n\t\t\t<style>\/*! elementor - v3.17.0 - 25-10-2023 *\/\n.elementor-widget-video .elementor-widget-container{overflow:hidden;transform:translateZ(0)}.elementor-widget-video .elementor-wrapper{aspect-ratio:var(--video-aspect-ratio)}.elementor-widget-video .elementor-wrapper iframe,.elementor-widget-video .elementor-wrapper video{height:100%;width:100%;display:flex;border:none;background-color:#000}@supports not (aspect-ratio:1\/1){.elementor-widget-video .elementor-wrapper{position:relative;overflow:hidden;height:0;padding-bottom:calc(100% \/ var(--video-aspect-ratio))}.elementor-widget-video .elementor-wrapper iframe,.elementor-widget-video .elementor-wrapper video{position:absolute;top:0;right:0;bottom:0;left:0}}.elementor-widget-video .elementor-open-inline .elementor-custom-embed-image-overlay{position:absolute;top:0;right:0;bottom:0;left:0;background-size:cover;background-position:50%}.elementor-widget-video .elementor-custom-embed-image-overlay{cursor:pointer;text-align:center}.elementor-widget-video .elementor-custom-embed-image-overlay:hover .elementor-custom-embed-play i{opacity:1}.elementor-widget-video .elementor-custom-embed-image-overlay img{display:block;width:100%;aspect-ratio:var(--video-aspect-ratio);-o-object-fit:cover;object-fit:cover;-o-object-position:center center;object-position:center center}@supports not (aspect-ratio:1\/1){.elementor-widget-video .elementor-custom-embed-image-overlay{position:relative;overflow:hidden;height:0;padding-bottom:calc(100% \/ var(--video-aspect-ratio))}.elementor-widget-video .elementor-custom-embed-image-overlay img{position:absolute;top:0;right:0;bottom:0;left:0}}.elementor-widget-video .e-hosted-video .elementor-video{-o-object-fit:cover;object-fit:cover}.e-con-inner>.elementor-widget-video,.e-con>.elementor-widget-video{width:var(--container-widget-width);--flex-grow:var(--container-widget-flex-grow)}<\/style>\t\t<div class=\"elementor-wrapper elementor-open-inline\">\n\t\t\t<div class=\"elementor-video\"><\/div>\t\t<\/div>\n\t\t\t\t<\/div>\n\t\t\t\t<\/div>\n\t\t\t\t\t<\/div>\n\t\t\t\t<\/div>\n\t\t\t\t\t\t\t<\/div>","protected":false},"excerpt":{"rendered":"<p>F\u00f6rderung Projektf\u00f6rderung durch die Europ\u00e4ische Union und das Land Nordrhein-Westfalen Desk Dynamics wird im Rahmen des F\u00f6rderprogramms\u201eGo-to-Market Gutschein NRW\u201c mit Mitteln derEurop\u00e4ischen [&hellip;]<\/p>","protected":false},"author":6,"featured_media":0,"parent":0,"menu_order":0,"comment_status":"closed","ping_status":"closed","template":"page-templates\/page_front-page.php","meta":{"footnotes":""},"class_list":["post-2019","page","type-page","status-publish","hentry"],"_links":{"self":[{"href":"https:\/\/deskdynamics.com\/en\/wp-json\/wp\/v2\/pages\/2019","targetHints":{"allow":["GET"]}}],"collection":[{"href":"https:\/\/deskdynamics.com\/en\/wp-json\/wp\/v2\/pages"}],"about":[{"href":"https:\/\/deskdynamics.com\/en\/wp-json\/wp\/v2\/types\/page"}],"author":[{"embeddable":true,"href":"https:\/\/deskdynamics.com\/en\/wp-json\/wp\/v2\/users\/6"}],"replies":[{"embeddable":true,"href":"https:\/\/deskdynamics.com\/en\/wp-json\/wp\/v2\/comments?post=2019"}],"version-history":[{"count":11,"href":"https:\/\/deskdynamics.com\/en\/wp-json\/wp\/v2\/pages\/2019\/revisions"}],"predecessor-version":[{"id":2088,"href":"https:\/\/deskdynamics.com\/en\/wp-json\/wp\/v2\/pages\/2019\/revisions\/2088"}],"wp:attachment":[{"href":"https:\/\/deskdynamics.com\/en\/wp-json\/wp\/v2\/media?parent=2019"}],"curies":[{"name":"wp","href":"https:\/\/api.w.org\/{rel}","templated":true}]}}