{"id":1609,"date":"2025-11-08T10:00:37","date_gmt":"2025-11-08T10:00:37","guid":{"rendered":"https:\/\/deskdynamics.com\/?page_id=1609"},"modified":"2025-11-17T20:28:26","modified_gmt":"2025-11-17T20:28:26","slug":"unternehmen","status":"publish","type":"page","link":"https:\/\/deskdynamics.com\/en\/unternehmen\/","title":{"rendered":"F\u00fcr Unternehmen"},"content":{"rendered":"<div data-elementor-type=\"wp-page\" data-elementor-id=\"1609\" class=\"elementor elementor-1609\">\n\t\t\t\t\t\t\t<div class=\"elementor-element elementor-element-e0bf761 e-con-full e-flex e-con e-parent\" data-id=\"e0bf761\" data-element_type=\"container\" data-settings=\"{&quot;content_width&quot;:&quot;full&quot;,&quot;background_background&quot;:&quot;classic&quot;}\" data-core-v316-plus=\"true\">\n\t\t<div class=\"elementor-element elementor-element-59a4456 e-con-full e-flex elementor-invisible e-con e-child\" data-id=\"59a4456\" data-element_type=\"container\" data-settings=\"{&quot;content_width&quot;:&quot;full&quot;,&quot;background_background&quot;:&quot;classic&quot;,&quot;animation&quot;:&quot;fadeInLeft&quot;}\">\n\t\t\t\t<div class=\"elementor-element elementor-element-a850b26 elementor-widget elementor-widget-heading\" data-id=\"a850b26\" data-element_type=\"widget\" data-widget_type=\"heading.default\">\n\t\t\t\t<div class=\"elementor-widget-container\">\n\t\t\t<style>\/*! elementor - v3.17.0 - 25-10-2023 *\/\n.elementor-heading-title{padding:0;margin:0;line-height:1}.elementor-widget-heading .elementor-heading-title[class*=elementor-size-]>a{color:inherit;font-size:inherit;line-height:inherit}.elementor-widget-heading .elementor-heading-title.elementor-size-small{font-size:15px}.elementor-widget-heading .elementor-heading-title.elementor-size-medium{font-size:19px}.elementor-widget-heading .elementor-heading-title.elementor-size-large{font-size:29px}.elementor-widget-heading .elementor-heading-title.elementor-size-xl{font-size:39px}.elementor-widget-heading .elementor-heading-title.elementor-size-xxl{font-size:59px}<\/style><h1 class=\"elementor-heading-title elementor-size-xl\">L\u00f6sung f\u00fcr Unternehmen<\/h1>\t\t<\/div>\n\t\t\t\t<\/div>\n\t\t\t\t<div class=\"elementor-element elementor-element-82fbe56 elementor-widget elementor-widget-heading\" data-id=\"82fbe56\" data-element_type=\"widget\" data-widget_type=\"heading.default\">\n\t\t\t\t<div class=\"elementor-widget-container\">\n\t\t\t<h2 class=\"elementor-heading-title elementor-size-large\">Bring Bewegung in dein Unternehmen!<\/h2>\t\t<\/div>\n\t\t\t\t<\/div>\n\t\t\t\t<div class=\"elementor-element elementor-element-83135ed animated-slow e-transform elementor-invisible elementor-widget elementor-widget-button\" data-id=\"83135ed\" data-element_type=\"widget\" data-settings=\"{&quot;_animation&quot;:&quot;fadeInDown&quot;,&quot;_animation_delay&quot;:500,&quot;_transform_rotateZ_effect&quot;:{&quot;unit&quot;:&quot;px&quot;,&quot;size&quot;:&quot;&quot;,&quot;sizes&quot;:[]},&quot;_transform_rotateZ_effect_tablet&quot;:{&quot;unit&quot;:&quot;deg&quot;,&quot;size&quot;:&quot;&quot;,&quot;sizes&quot;:[]},&quot;_transform_rotateZ_effect_mobile&quot;:{&quot;unit&quot;:&quot;deg&quot;,&quot;size&quot;:&quot;&quot;,&quot;sizes&quot;:[]}}\" data-widget_type=\"button.default\">\n\t\t\t\t<div class=\"elementor-widget-container\">\n\t\t\t\t\t<div class=\"elementor-button-wrapper\">\n\t\t\t<a class=\"elementor-button elementor-button-link elementor-size-md elementor-animation-grow\" href=\"https:\/\/deskdynamics.com\/en\/kontakt\/\">\n\t\t\t\t\t\t<span class=\"elementor-button-content-wrapper\">\n\t\t\t\t\t\t<span class=\"elementor-button-icon elementor-align-icon-left\">\n\t\t\t\t<i aria-hidden=\"true\" class=\"far fa-arrow-alt-circle-right\"><\/i>\t\t\t<\/span>\n\t\t\t\t\t\t<span class=\"elementor-button-text\">Kostenloses Angebot anfragen<\/span>\n\t\t<\/span>\n\t\t\t\t\t<\/a>\n\t\t<\/div>\n\t\t\t\t<\/div>\n\t\t\t\t<\/div>\n\t\t\t\t<\/div>\n\t\t\t\t<\/div>\n\t\t<div class=\"elementor-element elementor-element-8ddb896 e-flex e-con-boxed e-con e-parent\" data-id=\"8ddb896\" data-element_type=\"container\" data-settings=\"{&quot;background_background&quot;:&quot;classic&quot;,&quot;content_width&quot;:&quot;boxed&quot;}\" data-core-v316-plus=\"true\">\n\t\t\t\t\t<div class=\"e-con-inner\">\n\t\t<div class=\"elementor-element elementor-element-509bbb3 e-flex e-con-boxed e-con e-child\" data-id=\"509bbb3\" data-element_type=\"container\" data-settings=\"{&quot;background_background&quot;:&quot;gradient&quot;,&quot;content_width&quot;:&quot;boxed&quot;}\">\n\t\t\t\t\t<div class=\"e-con-inner\">\n\t\t\t\t<div class=\"elementor-element elementor-element-963f311 elementor-widget elementor-widget-spacer\" data-id=\"963f311\" data-element_type=\"widget\" data-widget_type=\"spacer.default\">\n\t\t\t\t<div class=\"elementor-widget-container\">\n\t\t\t<style>\/*! elementor - v3.17.0 - 25-10-2023 *\/\n.elementor-column .elementor-spacer-inner{height:var(--spacer-size)}.e-con{--container-widget-width:100%}.e-con-inner>.elementor-widget-spacer,.e-con>.elementor-widget-spacer{width:var(--container-widget-width,var(--spacer-size));--align-self:var(--container-widget-align-self,initial);--flex-shrink:0}.e-con-inner>.elementor-widget-spacer>.elementor-widget-container,.e-con>.elementor-widget-spacer>.elementor-widget-container{height:100%;width:100%}.e-con-inner>.elementor-widget-spacer>.elementor-widget-container>.elementor-spacer,.e-con>.elementor-widget-spacer>.elementor-widget-container>.elementor-spacer{height:100%}.e-con-inner>.elementor-widget-spacer>.elementor-widget-container>.elementor-spacer>.elementor-spacer-inner,.e-con>.elementor-widget-spacer>.elementor-widget-container>.elementor-spacer>.elementor-spacer-inner{height:var(--container-widget-height,var(--spacer-size))}.e-con-inner>.elementor-widget-spacer.elementor-widget-empty,.e-con>.elementor-widget-spacer.elementor-widget-empty{position:relative;min-height:22px;min-width:22px}.e-con-inner>.elementor-widget-spacer.elementor-widget-empty .elementor-widget-empty-icon,.e-con>.elementor-widget-spacer.elementor-widget-empty .elementor-widget-empty-icon{position:absolute;top:0;bottom:0;left:0;right:0;margin:auto;padding:0;width:22px;height:22px}<\/style>\t\t<div class=\"elementor-spacer\">\n\t\t\t<div class=\"elementor-spacer-inner\"><\/div>\n\t\t<\/div>\n\t\t\t\t<\/div>\n\t\t\t\t<\/div>\n\t\t\t\t\t<\/div>\n\t\t\t\t<\/div>\n\t\t\t\t\t<\/div>\n\t\t\t\t<\/div>\n\t\t<div class=\"elementor-element elementor-element-6a470e6 e-con-full e-flex e-con e-parent\" data-id=\"6a470e6\" data-element_type=\"container\" data-settings=\"{&quot;content_width&quot;:&quot;full&quot;,&quot;background_background&quot;:&quot;classic&quot;}\" data-core-v316-plus=\"true\">\n\t\t<div class=\"elementor-element elementor-element-5e35fa0 e-con-full e-flex e-con e-child\" data-id=\"5e35fa0\" data-element_type=\"container\" data-settings=\"{&quot;content_width&quot;:&quot;full&quot;}\">\n\t\t\t\t<div class=\"elementor-element elementor-element-1cd1c9e elementor-widget elementor-widget-image\" data-id=\"1cd1c9e\" data-element_type=\"widget\" data-widget_type=\"image.default\">\n\t\t\t\t<div class=\"elementor-widget-container\">\n\t\t\t<style>\/*! elementor - v3.17.0 - 25-10-2023 *\/\n.elementor-widget-image{text-align:center}.elementor-widget-image a{display:inline-block}.elementor-widget-image a img[src$=\".svg\"]{width:48px}.elementor-widget-image img{vertical-align:middle;display:inline-block}<\/style>\t\t\t\t\t\t\t\t\t\t\t\t<img fetchpriority=\"high\" decoding=\"async\" width=\"768\" height=\"512\" src=\"\/wp-content\/uploads\/2025\/11\/frau-im-buro-die-sich-wahrend-eines-arbeitstages-dehnt-1-768x512.jpg\" class=\"attachment-medium_large size-medium_large wp-image-1733\" alt=\"\" srcset=\"\/wp-content\/uploads\/2025\/11\/frau-im-buro-die-sich-wahrend-eines-arbeitstages-dehnt-1-768x512.jpg 768w, \/wp-content\/uploads\/2025\/11\/frau-im-buro-die-sich-wahrend-eines-arbeitstages-dehnt-1-300x200.jpg 300w, \/wp-content\/uploads\/2025\/11\/frau-im-buro-die-sich-wahrend-eines-arbeitstages-dehnt-1-1024x683.jpg 1024w, \/wp-content\/uploads\/2025\/11\/frau-im-buro-die-sich-wahrend-eines-arbeitstages-dehnt-1-1536x1024.jpg 1536w, \/wp-content\/uploads\/2025\/11\/frau-im-buro-die-sich-wahrend-eines-arbeitstages-dehnt-1-2048x1365.jpg 2048w, \/wp-content\/uploads\/2025\/11\/frau-im-buro-die-sich-wahrend-eines-arbeitstages-dehnt-1-18x12.jpg 18w, \/wp-content\/uploads\/2025\/11\/frau-im-buro-die-sich-wahrend-eines-arbeitstages-dehnt-1-1000x667.jpg 1000w, \/wp-content\/uploads\/2025\/11\/frau-im-buro-die-sich-wahrend-eines-arbeitstages-dehnt-1-230x153.jpg 230w, \/wp-content\/uploads\/2025\/11\/frau-im-buro-die-sich-wahrend-eines-arbeitstages-dehnt-1-350x233.jpg 350w, \/wp-content\/uploads\/2025\/11\/frau-im-buro-die-sich-wahrend-eines-arbeitstages-dehnt-1-480x320.jpg 480w\" sizes=\"(max-width: 768px) 100vw, 768px\" \/>\t\t\t\t\t\t\t\t\t\t\t\t\t\t\t<\/div>\n\t\t\t\t<\/div>\n\t\t\t\t<div class=\"elementor-element elementor-element-c1c6c33 elementor-widget elementor-widget-heading\" data-id=\"c1c6c33\" data-element_type=\"widget\" data-widget_type=\"heading.default\">\n\t\t\t\t<div class=\"elementor-widget-container\">\n\t\t\t<h2 class=\"elementor-heading-title elementor-size-medium\">Bewegung dort, wo sie gebraucht wird \u2013 direkt am Arbeitsplatz<\/h2>\t\t<\/div>\n\t\t\t\t<\/div>\n\t\t\t\t<div class=\"elementor-element elementor-element-a19b154 elementor-widget elementor-widget-text-editor\" data-id=\"a19b154\" data-element_type=\"widget\" data-widget_type=\"text-editor.default\">\n\t\t\t\t<div class=\"elementor-widget-container\">\n\t\t\t<style>\/*! elementor - v3.17.0 - 25-10-2023 *\/\n.elementor-widget-text-editor.elementor-drop-cap-view-stacked .elementor-drop-cap{background-color:#69727d;color:#fff}.elementor-widget-text-editor.elementor-drop-cap-view-framed .elementor-drop-cap{color:#69727d;border:3px solid;background-color:transparent}.elementor-widget-text-editor:not(.elementor-drop-cap-view-default) .elementor-drop-cap{margin-top:8px}.elementor-widget-text-editor:not(.elementor-drop-cap-view-default) .elementor-drop-cap-letter{width:1em;height:1em}.elementor-widget-text-editor .elementor-drop-cap{float:left;text-align:center;line-height:1;font-size:50px}.elementor-widget-text-editor .elementor-drop-cap-letter{display:inline-block}<\/style>\t\t\t\t<p data-start=\"284\" data-end=\"561\">Desk Dynamics bringt kurze, physiotherapeutische \u00dcbungen direkt in den B\u00fcroalltag.<br data-start=\"551\" data-end=\"554\" \/>Ohne Schulung, ohne Hardware, ohne Aufwand f\u00fcr dein Unternehmen.<br data-start=\"618\" data-end=\"621\" \/>Mitarbeitende erhalten klare Anleitungen, kurze Videos und automatische Erinnerungen \u2013 genau die Impulse, die im modernen Arbeitsumfeld oft fehlen.<\/p>\t\t\t\t\t\t<\/div>\n\t\t\t\t<\/div>\n\t\t\t\t<\/div>\n\t\t<div class=\"elementor-element elementor-element-d3c053c e-con-full e-flex e-con e-child\" data-id=\"d3c053c\" data-element_type=\"container\" data-settings=\"{&quot;content_width&quot;:&quot;full&quot;}\">\n\t\t\t\t<div class=\"elementor-element elementor-element-ddd43c2 elementor-widget elementor-widget-image\" data-id=\"ddd43c2\" data-element_type=\"widget\" data-widget_type=\"image.default\">\n\t\t\t\t<div class=\"elementor-widget-container\">\n\t\t\t\t\t\t\t\t\t\t\t\t\t\t\t<img decoding=\"async\" width=\"768\" height=\"513\" src=\"\/wp-content\/uploads\/2024\/01\/pexels-fauxels-3183197-768x513.jpg\" class=\"attachment-medium_large size-medium_large wp-image-1067\" alt=\"\" srcset=\"\/wp-content\/uploads\/2024\/01\/pexels-fauxels-3183197-768x513.jpg 768w, \/wp-content\/uploads\/2024\/01\/pexels-fauxels-3183197-300x200.jpg 300w, \/wp-content\/uploads\/2024\/01\/pexels-fauxels-3183197-1024x683.jpg 1024w, \/wp-content\/uploads\/2024\/01\/pexels-fauxels-3183197-1536x1025.jpg 1536w, \/wp-content\/uploads\/2024\/01\/pexels-fauxels-3183197-2048x1367.jpg 2048w, \/wp-content\/uploads\/2024\/01\/pexels-fauxels-3183197-1000x667.jpg 1000w, \/wp-content\/uploads\/2024\/01\/pexels-fauxels-3183197-230x153.jpg 230w, \/wp-content\/uploads\/2024\/01\/pexels-fauxels-3183197-350x234.jpg 350w, \/wp-content\/uploads\/2024\/01\/pexels-fauxels-3183197-480x320.jpg 480w\" sizes=\"(max-width: 768px) 100vw, 768px\" \/>\t\t\t\t\t\t\t\t\t\t\t\t\t\t\t<\/div>\n\t\t\t\t<\/div>\n\t\t\t\t<div class=\"elementor-element elementor-element-bd21400 elementor-widget elementor-widget-heading\" data-id=\"bd21400\" data-element_type=\"widget\" data-widget_type=\"heading.default\">\n\t\t\t\t<div class=\"elementor-widget-container\">\n\t\t\t<h2 class=\"elementor-heading-title elementor-size-medium\">Gesundere Teams, weniger Ausfalltage<br><\/h2>\t\t<\/div>\n\t\t\t\t<\/div>\n\t\t\t\t<div class=\"elementor-element elementor-element-e1ed118 elementor-widget elementor-widget-text-editor\" data-id=\"e1ed118\" data-element_type=\"widget\" data-widget_type=\"text-editor.default\">\n\t\t\t\t<div class=\"elementor-widget-container\">\n\t\t\t\t\t\t\t<p data-start=\"822\" data-end=\"1153\">Langes Sitzen f\u00f6rdert Verspannungen, R\u00fcckenbeschwerden und Konzentrationsprobleme.<br data-start=\"904\" data-end=\"907\" \/>Mit kurzen, alltagstauglichen \u00dcbungen unterst\u00fctzt Desk Dynamics deine Mitarbeitenden dabei, Beschwerden vorzubeugen und fokussierter zu arbeiten.<br data-start=\"1052\" data-end=\"1055\" \/>Das Ergebnis: weniger Krankheitsausf\u00e4lle, mehr Wohlbefinden und h\u00f6here Leistungsf\u00e4higkeit im Team.<\/p>\t\t\t\t\t\t<\/div>\n\t\t\t\t<\/div>\n\t\t\t\t<\/div>\n\t\t<div class=\"elementor-element elementor-element-8354a41 e-con-full e-flex e-con e-child\" data-id=\"8354a41\" data-element_type=\"container\" data-settings=\"{&quot;content_width&quot;:&quot;full&quot;}\">\n\t\t\t\t<div class=\"elementor-element elementor-element-9d6c1a9 elementor-widget elementor-widget-image\" data-id=\"9d6c1a9\" data-element_type=\"widget\" data-widget_type=\"image.default\">\n\t\t\t\t<div class=\"elementor-widget-container\">\n\t\t\t\t\t\t\t\t\t\t\t\t\t\t\t<img decoding=\"async\" width=\"1024\" height=\"683\" src=\"\/wp-content\/uploads\/2025\/11\/frau-im-buro-die-sich-wahrend-eines-arbeitstages-dehnt-1024x683.jpg\" class=\"attachment-large size-large wp-image-1732\" alt=\"\" srcset=\"\/wp-content\/uploads\/2025\/11\/frau-im-buro-die-sich-wahrend-eines-arbeitstages-dehnt-1024x683.jpg 1024w, \/wp-content\/uploads\/2025\/11\/frau-im-buro-die-sich-wahrend-eines-arbeitstages-dehnt-300x200.jpg 300w, \/wp-content\/uploads\/2025\/11\/frau-im-buro-die-sich-wahrend-eines-arbeitstages-dehnt-768x512.jpg 768w, \/wp-content\/uploads\/2025\/11\/frau-im-buro-die-sich-wahrend-eines-arbeitstages-dehnt-1536x1024.jpg 1536w, \/wp-content\/uploads\/2025\/11\/frau-im-buro-die-sich-wahrend-eines-arbeitstages-dehnt-2048x1365.jpg 2048w, \/wp-content\/uploads\/2025\/11\/frau-im-buro-die-sich-wahrend-eines-arbeitstages-dehnt-18x12.jpg 18w, \/wp-content\/uploads\/2025\/11\/frau-im-buro-die-sich-wahrend-eines-arbeitstages-dehnt-1000x667.jpg 1000w, \/wp-content\/uploads\/2025\/11\/frau-im-buro-die-sich-wahrend-eines-arbeitstages-dehnt-230x153.jpg 230w, \/wp-content\/uploads\/2025\/11\/frau-im-buro-die-sich-wahrend-eines-arbeitstages-dehnt-350x233.jpg 350w, \/wp-content\/uploads\/2025\/11\/frau-im-buro-die-sich-wahrend-eines-arbeitstages-dehnt-480x320.jpg 480w\" sizes=\"(max-width: 1024px) 100vw, 1024px\" \/>\t\t\t\t\t\t\t\t\t\t\t\t\t\t\t<\/div>\n\t\t\t\t<\/div>\n\t\t\t\t<div class=\"elementor-element elementor-element-0cecebd elementor-widget elementor-widget-heading\" data-id=\"0cecebd\" data-element_type=\"widget\" data-widget_type=\"heading.default\">\n\t\t\t\t<div class=\"elementor-widget-container\">\n\t\t\t<h2 class=\"elementor-heading-title elementor-size-medium\">Einfache Nutzung f\u00fcr alle Mitarbeitenden<\/h2>\t\t<\/div>\n\t\t\t\t<\/div>\n\t\t\t\t<div class=\"elementor-element elementor-element-9b5cfcc elementor-widget elementor-widget-text-editor\" data-id=\"9b5cfcc\" data-element_type=\"widget\" data-widget_type=\"text-editor.default\">\n\t\t\t\t<div class=\"elementor-widget-container\">\n\t\t\t\t\t\t\t<p data-start=\"1211\" data-end=\"1488\">Nach dem Login sehen Mitarbeitende sofort ihre \u00dcbungen: \u00fcbersichtlich, verst\u00e4ndlich und ohne zus\u00e4tzliche Erkl\u00e4rung umsetzbar.<br data-start=\"1336\" data-end=\"1339\" \/>Die Inhalte sind so aufgebaut, dass sie sich nahtlos in jeden Arbeitsalltag integrieren \u2013 unabh\u00e4ngig von Arbeitsplatz, Abteilung oder Vorkenntnissen.<\/p>\t\t\t\t\t\t<\/div>\n\t\t\t\t<\/div>\n\t\t\t\t<\/div>\n\t\t<div class=\"elementor-element elementor-element-9126538 e-con-full e-flex e-con e-child\" data-id=\"9126538\" data-element_type=\"container\" data-settings=\"{&quot;content_width&quot;:&quot;full&quot;}\">\n\t\t\t\t<div class=\"elementor-element elementor-element-fd46b1f elementor-widget elementor-widget-image\" data-id=\"fd46b1f\" data-element_type=\"widget\" data-widget_type=\"image.default\">\n\t\t\t\t<div class=\"elementor-widget-container\">\n\t\t\t\t\t\t\t\t\t\t\t\t\t\t\t<img loading=\"lazy\" decoding=\"async\" width=\"1024\" height=\"683\" src=\"\/wp-content\/uploads\/2024\/01\/pexels-andrea-piacquadio-840996-1024x683.jpg\" class=\"attachment-large size-large wp-image-1014\" alt=\"\" srcset=\"\/wp-content\/uploads\/2024\/01\/pexels-andrea-piacquadio-840996-1024x683.jpg 1024w, \/wp-content\/uploads\/2024\/01\/pexels-andrea-piacquadio-840996-300x200.jpg 300w, \/wp-content\/uploads\/2024\/01\/pexels-andrea-piacquadio-840996-768x512.jpg 768w, \/wp-content\/uploads\/2024\/01\/pexels-andrea-piacquadio-840996-1536x1024.jpg 1536w, \/wp-content\/uploads\/2024\/01\/pexels-andrea-piacquadio-840996-2048x1365.jpg 2048w, \/wp-content\/uploads\/2024\/01\/pexels-andrea-piacquadio-840996-1000x667.jpg 1000w, \/wp-content\/uploads\/2024\/01\/pexels-andrea-piacquadio-840996-230x153.jpg 230w, \/wp-content\/uploads\/2024\/01\/pexels-andrea-piacquadio-840996-350x233.jpg 350w, \/wp-content\/uploads\/2024\/01\/pexels-andrea-piacquadio-840996-480x320.jpg 480w\" sizes=\"(max-width: 1024px) 100vw, 1024px\" \/>\t\t\t\t\t\t\t\t\t\t\t\t\t\t\t<\/div>\n\t\t\t\t<\/div>\n\t\t\t\t<div class=\"elementor-element elementor-element-4bd1a6d elementor-widget elementor-widget-heading\" data-id=\"4bd1a6d\" data-element_type=\"widget\" data-widget_type=\"heading.default\">\n\t\t\t\t<div class=\"elementor-widget-container\">\n\t\t\t<h2 class=\"elementor-heading-title elementor-size-medium\">Flexible Lizenzen f\u00fcr Teams oder ganze Unternehmen<\/h2>\t\t<\/div>\n\t\t\t\t<\/div>\n\t\t\t\t<div class=\"elementor-element elementor-element-1736e2d elementor-widget elementor-widget-text-editor\" data-id=\"1736e2d\" data-element_type=\"widget\" data-widget_type=\"text-editor.default\">\n\t\t\t\t<div class=\"elementor-widget-container\">\n\t\t\t\t\t\t\t<p data-start=\"1556\" data-end=\"1872\">Unternehmen k\u00f6nnen Lizenzen flexibel buchen \u2013 f\u00fcr einzelne Abteilungen oder das gesamte Team.<br data-start=\"1649\" data-end=\"1652\" \/>Nach der Freischaltung erhalten alle Mitarbeitenden sofortigen Zugriff auf die \u00dcbungen und Erinnerungsfunktionen.<br data-start=\"1765\" data-end=\"1768\" \/>Wir beraten dich bei der passenden Lizenzmenge und sorgen f\u00fcr eine schnelle, unkomplizierte Einrichtung.\u00a0<\/p><p data-start=\"1387\" data-end=\"1543\">\u00a0<\/p>\t\t\t\t\t\t<\/div>\n\t\t\t\t<\/div>\n\t\t\t\t<\/div>\n\t\t\t\t<\/div>\n\t\t<div class=\"elementor-element elementor-element-94d4540 e-flex e-con-boxed elementor-invisible e-con e-parent\" data-id=\"94d4540\" data-element_type=\"container\" data-settings=\"{&quot;background_background&quot;:&quot;gradient&quot;,&quot;animation&quot;:&quot;fadeInRight&quot;,&quot;animation_delay&quot;:0,&quot;content_width&quot;:&quot;boxed&quot;}\" data-core-v316-plus=\"true\">\n\t\t\t\t\t<div class=\"e-con-inner\">\n\t\t\t\t<div class=\"elementor-element elementor-element-b662d47 elementor-widget elementor-widget-heading\" data-id=\"b662d47\" data-element_type=\"widget\" data-widget_type=\"heading.default\">\n\t\t\t\t<div class=\"elementor-widget-container\">\n\t\t\t<h2 class=\"elementor-heading-title elementor-size-large\">Steuerliche Vorteile<\/h2>\t\t<\/div>\n\t\t\t\t<\/div>\n\t\t\t\t<div class=\"elementor-element elementor-element-1403624 elementor-widget elementor-widget-text-editor\" data-id=\"1403624\" data-element_type=\"widget\" data-settings=\"{&quot;_animation&quot;:&quot;none&quot;}\" data-widget_type=\"text-editor.default\">\n\t\t\t\t<div class=\"elementor-widget-container\">\n\t\t\t\t\t\t\t<p>Desk Dynamics st\u00e4rkt nicht nur die Gesundheit deiner Mitarbeitenden \u2013 es lohnt sich auch finanziell.<br data-start=\"2026\" data-end=\"2029\" \/>Ma\u00dfnahmen der betrieblichen Gesundheitsf\u00f6rderung sind in Deutschland bis zu <strong data-start=\"2105\" data-end=\"2153\">600 \u20ac pro Mitarbeitenden pro Jahr steuerfrei<\/strong> ansetzbar.<br data-start=\"2164\" data-end=\"2167\" \/>Kurz gesagt: Du investierst in weniger Ausf\u00e4lle, mehr Produktivit\u00e4t und ein nachhaltiges Gesundheitskonzept \u2013 mit steuerlichem Vorteil.<\/p>\t\t\t\t\t\t<\/div>\n\t\t\t\t<\/div>\n\t\t\t\t\t<\/div>\n\t\t\t\t<\/div>\n\t\t\t\t<section class=\"elementor-section elementor-top-section elementor-element elementor-element-478a1f9 elementor-section-content-middle elementor-section-boxed elementor-section-height-default elementor-section-height-default\" data-id=\"478a1f9\" data-element_type=\"section\" data-settings=\"{&quot;background_background&quot;:&quot;classic&quot;}\">\n\t\t\t\t\t\t<div class=\"elementor-container elementor-column-gap-default\">\n\t\t\t\t\t<div class=\"elementor-column elementor-col-50 elementor-top-column elementor-element elementor-element-ca754a0\" data-id=\"ca754a0\" data-element_type=\"column\">\n\t\t\t<div class=\"elementor-widget-wrap elementor-element-populated\">\n\t\t\t\t\t\t\t\t<div class=\"elementor-element elementor-element-5715b7b animated-slow elementor-invisible elementor-widget elementor-widget-heading\" data-id=\"5715b7b\" data-element_type=\"widget\" data-settings=\"{&quot;_animation&quot;:&quot;fadeInDown&quot;,&quot;_animation_delay&quot;:400}\" data-widget_type=\"heading.default\">\n\t\t\t\t<div class=\"elementor-widget-container\">\n\t\t\t<h2 class=\"elementor-heading-title elementor-size-default\">Ruf uns doch einfach an! <\/h2>\t\t<\/div>\n\t\t\t\t<\/div>\n\t\t\t\t\t<\/div>\n\t\t<\/div>\n\t\t\t\t<div class=\"elementor-column elementor-col-50 elementor-top-column elementor-element elementor-element-b169185\" data-id=\"b169185\" data-element_type=\"column\">\n\t\t\t<div class=\"elementor-widget-wrap elementor-element-populated\">\n\t\t\t\t\t\t\t\t<div class=\"elementor-element elementor-element-343f0fa elementor-align-center elementor-mobile-align-center animated-slow elementor-invisible elementor-widget elementor-widget-button\" data-id=\"343f0fa\" data-element_type=\"widget\" data-settings=\"{&quot;_animation&quot;:&quot;fadeInRight&quot;,&quot;_animation_delay&quot;:600}\" data-widget_type=\"button.default\">\n\t\t\t\t<div class=\"elementor-widget-container\">\n\t\t\t\t\t<div class=\"elementor-button-wrapper\">\n\t\t\t<a class=\"elementor-button elementor-button-link elementor-size-sm\" href=\"https:\/\/deskdynamics.com\/en\/kontakt\/\">\n\t\t\t\t\t\t<span class=\"elementor-button-content-wrapper\">\n\t\t\t\t\t\t<span class=\"elementor-button-icon elementor-align-icon-left\">\n\t\t\t\t<i aria-hidden=\"true\" class=\"fas fa-phone-alt\"><\/i>\t\t\t<\/span>\n\t\t\t\t\t\t<span class=\"elementor-button-text\">Anrufen<\/span>\n\t\t<\/span>\n\t\t\t\t\t<\/a>\n\t\t<\/div>\n\t\t\t\t<\/div>\n\t\t\t\t<\/div>\n\t\t\t\t\t<\/div>\n\t\t<\/div>\n\t\t\t\t\t\t\t<\/div>\n\t\t<\/section>\n\t\t\t\t\t\t\t<\/div>","protected":false},"excerpt":{"rendered":"<p>L\u00f6sung f\u00fcr Unternehmen Bring Bewegung in dein Unternehmen! Kostenloses Angebot anfragen Bewegung dort, wo sie gebraucht wird \u2013 direkt am Arbeitsplatz Desk [&hellip;]<\/p>","protected":false},"author":1,"featured_media":0,"parent":0,"menu_order":0,"comment_status":"closed","ping_status":"closed","template":"page-templates\/page_front-page.php","meta":{"footnotes":""},"class_list":["post-1609","page","type-page","status-publish","hentry"],"_links":{"self":[{"href":"https:\/\/deskdynamics.com\/en\/wp-json\/wp\/v2\/pages\/1609","targetHints":{"allow":["GET"]}}],"collection":[{"href":"https:\/\/deskdynamics.com\/en\/wp-json\/wp\/v2\/pages"}],"about":[{"href":"https:\/\/deskdynamics.com\/en\/wp-json\/wp\/v2\/types\/page"}],"author":[{"embeddable":true,"href":"https:\/\/deskdynamics.com\/en\/wp-json\/wp\/v2\/users\/1"}],"replies":[{"embeddable":true,"href":"https:\/\/deskdynamics.com\/en\/wp-json\/wp\/v2\/comments?post=1609"}],"version-history":[{"count":58,"href":"https:\/\/deskdynamics.com\/en\/wp-json\/wp\/v2\/pages\/1609\/revisions"}],"predecessor-version":[{"id":1882,"href":"https:\/\/deskdynamics.com\/en\/wp-json\/wp\/v2\/pages\/1609\/revisions\/1882"}],"wp:attachment":[{"href":"https:\/\/deskdynamics.com\/en\/wp-json\/wp\/v2\/media?parent=1609"}],"curies":[{"name":"wp","href":"https:\/\/api.w.org\/{rel}","templated":true}]}}